{"id":34623,"date":"2021-09-14T15:02:27","date_gmt":"2021-09-14T14:02:27","guid":{"rendered":"http:\/\/new.jenscorssen.com\/?page_id=34623"},"modified":"2025-09-30T21:54:21","modified_gmt":"2025-09-30T20:54:21","slug":"imprint","status":"publish","type":"page","link":"https:\/\/andrewbannon.com\/en\/impressum","title":{"rendered":"IMPRINT"},"content":{"rendered":"<div data-elementor-type=\"wp-page\" data-elementor-id=\"34623\" class=\"elementor elementor-34623\" data-elementor-post-type=\"page\">\n\t\t\t\t\t\t<section class=\"elementor-section elementor-top-section elementor-element elementor-element-2b130f26 elementor-reverse-mobile elementor-section-height-min-height elementor-section-items-stretch elementor-section-boxed elementor-section-height-default\" data-id=\"2b130f26\" data-element_type=\"section\" data-e-type=\"section\" data-settings=\"{&quot;shape_divider_bottom&quot;:&quot;mountains&quot;}\">\n\t\t\t\t\t\t\t<div class=\"elementor-background-overlay\"><\/div>\n\t\t\t\t\t\t<div class=\"elementor-shape elementor-shape-bottom\" aria-hidden=\"true\" data-negative=\"false\">\n\t\t\t<svg viewBox=\"0 0 1000 100\" preserveAspectRatio=\"none\">\n\t<path class=\"elementor-shape-fill\" opacity=\"0.33\" d=\"M473,67.3c-203.9,88.3-263.1-34-320.3,0C66,119.1,0,59.7,0,59.7V0h1000v59.7 c0,0-62.1,26.1-94.9,29.3c-32.8,3.3-62.8-12.3-75.8-22.1C806,49.6,745.3,8.7,694.9,4.7S492.4,59,473,67.3z\" \/>\n\t<path class=\"elementor-shape-fill\" opacity=\"0.66\" d=\"M734,67.3c-45.5,0-77.2-23.2-129.1-39.1c-28.6-8.7-150.3-10.1-254,39.1 s-91.7-34.4-149.2,0C115.7,118.3,0,39.8,0,39.8V0h1000v36.5c0,0-28.2-18.5-92.1-18.5C810.2,18.1,775.7,67.3,734,67.3z\" \/>\n\t<path class=\"elementor-shape-fill\" d=\"M766.1,28.9c-200-57.5-266,65.5-395.1,19.5C242,1.8,242,5.4,184.8,20.6C128,35.8,132.3,44.9,89.9,52.5C28.6,63.7,0,0,0,0 h1000c0,0-9.9,40.9-83.6,48.1S829.6,47,766.1,28.9z\" \/>\n<\/svg>\t\t<\/div>\n\t\t\t\t\t<div class=\"elementor-container elementor-column-gap-default\">\n\t\t\t\t\t<div class=\"elementor-column elementor-col-100 elementor-top-column elementor-element elementor-element-4c8a14fe\" data-id=\"4c8a14fe\" data-element_type=\"column\" data-e-type=\"column\">\n\t\t\t<div class=\"elementor-widget-wrap\">\n\t\t\t\t\t\t\t<\/div>\n\t\t<\/div>\n\t\t\t\t\t<\/div>\n\t\t<\/section>\n\t\t\t\t<section class=\"elementor-section elementor-top-section elementor-element elementor-element-5cc11b2 elementor-section-boxed elementor-section-height-default elementor-section-height-default\" data-id=\"5cc11b2\" data-element_type=\"section\" data-e-type=\"section\" data-settings=\"{&quot;background_background&quot;:&quot;classic&quot;}\">\n\t\t\t\t\t\t<div class=\"elementor-container elementor-column-gap-default\">\n\t\t\t\t\t<div class=\"elementor-column elementor-col-100 elementor-top-column elementor-element elementor-element-a553dcc\" data-id=\"a553dcc\" data-element_type=\"column\" data-e-type=\"column\">\n\t\t\t<div class=\"elementor-widget-wrap elementor-element-populated\">\n\t\t\t\t\t\t<div class=\"elementor-element elementor-element-1691c7d elementor-widget elementor-widget-heading\" data-id=\"1691c7d\" data-element_type=\"widget\" data-e-type=\"widget\" data-widget_type=\"heading.default\">\n\t\t\t\t<div class=\"elementor-widget-container\">\n\t\t\t\t\t<h1 class=\"elementor-heading-title elementor-size-default\">IMPRINT<\/h1>\t\t\t\t<\/div>\n\t\t\t\t<\/div>\n\t\t\t\t\t<\/div>\n\t\t<\/div>\n\t\t\t\t\t<\/div>\n\t\t<\/section>\n\t\t\t\t<section class=\"elementor-section elementor-top-section elementor-element elementor-element-793f29a elementor-section-boxed elementor-section-height-default elementor-section-height-default\" data-id=\"793f29a\" data-element_type=\"section\" data-e-type=\"section\" data-settings=\"{&quot;background_background&quot;:&quot;classic&quot;}\">\n\t\t\t\t\t\t\t<div class=\"elementor-background-overlay\"><\/div>\n\t\t\t\t\t\t\t<div class=\"elementor-container elementor-column-gap-default\">\n\t\t\t\t\t<div class=\"elementor-column elementor-col-100 elementor-top-column elementor-element elementor-element-34a4e9e\" data-id=\"34a4e9e\" data-element_type=\"column\" data-e-type=\"column\">\n\t\t\t<div class=\"elementor-widget-wrap elementor-element-populated\">\n\t\t\t\t\t\t<section class=\"elementor-section elementor-inner-section elementor-element elementor-element-026ea60 elementor-section-boxed elementor-section-height-default elementor-section-height-default\" data-id=\"026ea60\" data-element_type=\"section\" data-e-type=\"section\">\n\t\t\t\t\t\t\t<div class=\"elementor-background-overlay\"><\/div>\n\t\t\t\t\t\t\t<div class=\"elementor-container elementor-column-gap-default\">\n\t\t\t\t\t<div class=\"elementor-column elementor-col-66 elementor-inner-column elementor-element elementor-element-ddf8ef8\" data-id=\"ddf8ef8\" data-element_type=\"column\" data-e-type=\"column\">\n\t\t\t<div class=\"elementor-widget-wrap elementor-element-populated\">\n\t\t\t\t\t\t<div class=\"elementor-element elementor-element-629475f elementor-widget elementor-widget-heading\" data-id=\"629475f\" data-element_type=\"widget\" data-e-type=\"widget\" data-widget_type=\"heading.default\">\n\t\t\t\t<div class=\"elementor-widget-container\">\n\t\t\t\t\t<span class=\"elementor-heading-title elementor-size-default\">DISCLOSURES IN ACCORDANCE WITH \u00a7 5&nbsp;TM&nbsp;<\/span>\t\t\t\t<\/div>\n\t\t\t\t<\/div>\n\t\t\t\t<div class=\"elementor-element elementor-element-2f31c3f elementor-widget elementor-widget-text-editor\" data-id=\"2f31c3f\" data-element_type=\"widget\" data-e-type=\"widget\" data-widget_type=\"text-editor.default\">\n\t\t\t\t<div class=\"elementor-widget-container\">\n\t\t\t\t\t\t\t\t\t<strong>Andrew Bannon<\/strong><br>\n\nBahn\u00adhofstrasse 17<br>\n82327 Tutz\u00ading \/ Starn\u00adber\u00adger&nbsp;See<br><br>\n\nPhone:<a href=\"tel:+4981589148975\">+49 8158 9148&nbsp;975<\/a><br>\nE\u2011mail: <a href=\"mailto:office@andrewbannon.com\">office@andrewbannon.com<\/a><br><br>\n\nRespon\u00adsi\u00adble for the con\u00adtent: Andrew Bannon<br><br>\n\nVAT ID: DE335818561<br><br>\n\nWeb\u00adsite Con\u00adcept &amp;&nbsp;Deve\u00adlo\u00adp\u00adment: <a href=\"https:\/\/croome.de\/\" target=\"_blank\" rel=\"noopener\">Col\u00adlin Croome<\/a>\t\t\t\t\t\t\t\t<\/div>\n\t\t\t\t<\/div>\n\t\t\t\t\t<\/div>\n\t\t<\/div>\n\t\t\t\t<div class=\"elementor-column elementor-col-33 elementor-inner-column elementor-element elementor-element-bdd344f\" data-id=\"bdd344f\" data-element_type=\"column\" data-e-type=\"column\">\n\t\t\t<div class=\"elementor-widget-wrap elementor-element-populated\">\n\t\t\t\t\t\t\t<\/div>\n\t\t<\/div>\n\t\t\t\t\t<\/div>\n\t\t<\/section>\n\t\t\t\t<section class=\"elementor-section elementor-inner-section elementor-element elementor-element-898c84f elementor-section-boxed elementor-section-height-default elementor-section-height-default\" data-id=\"898c84f\" data-element_type=\"section\" data-e-type=\"section\">\n\t\t\t\t\t\t\t<div class=\"elementor-background-overlay\"><\/div>\n\t\t\t\t\t\t\t<div class=\"elementor-container elementor-column-gap-default\">\n\t\t\t\t\t<div class=\"elementor-column elementor-col-100 elementor-inner-column elementor-element elementor-element-2e87e08\" data-id=\"2e87e08\" data-element_type=\"column\" data-e-type=\"column\">\n\t\t\t<div class=\"elementor-widget-wrap elementor-element-populated\">\n\t\t\t\t\t\t<div class=\"elementor-element elementor-element-c14ceaa elementor-widget elementor-widget-text-editor\" data-id=\"c14ceaa\" data-element_type=\"widget\" data-e-type=\"widget\" data-widget_type=\"text-editor.default\">\n\t\t\t\t<div class=\"elementor-widget-container\">\n\t\t\t\t\t\t\t\t\t<p><b>LIABILITY FOR CONTENT<\/b><br>As a&nbsp;ser\u00advice pro\u00advi\u00adder, we are respon\u00adsi\u00adble for our own con\u00adtent on these pages in accordance with gene\u00adral legis\u00adla\u00adtion pur\u00adsu\u00adant to Sec\u00adtion 7 (1) of the Ger\u00adman Tele\u00adme\u00addia Act (TMG). Howe\u00adver, accor\u00adding to \u00a7\u00a7 8&nbsp;to 10 TMG, we are not obli\u00adged as a&nbsp;ser\u00advice pro\u00advi\u00adder to moni\u00adtor trans\u00admit\u00adted or stored third-party infor\u00adma\u00adtion or to inves\u00adti\u00adgate cir\u00adcum\u00ads\u00adtances that indi\u00adcate ille\u00adgal activity.<\/p><p>Obli\u00adga\u00adti\u00adons to remove or block the use of infor\u00adma\u00adtion in accordance with gene\u00adral laws remain unaf\u00adfec\u00adted by this. Howe\u00adver, lia\u00adbi\u00adlity in this regard is only pos\u00adsi\u00adble from the time of know\u00adledge of a&nbsp;con\u00adcrete inf\u00adrin\u00adge\u00adment. If we become aware of cor\u00adre\u00adspon\u00adding inf\u00adrin\u00adge\u00adments, we will remove this con\u00adtent immediately.<\/p><p><b>LIABILITY FOR LINKS<\/b><br>Our offer con\u00adta\u00adins links to exter\u00adnal web\u00adsites of third par\u00adties, on whose con\u00adtents we have no influence. The\u00adr\u00ade\u00adfore, we can\u00adnot assume any lia\u00adbi\u00adlity for these exter\u00adnal con\u00adtents. The respec\u00adtive pro\u00advi\u00adder or ope\u00adra\u00adtor of the pages is always respon\u00adsi\u00adble for the con\u00adtent of the lin\u00adked pages. The lin\u00adked pages were che\u00adcked for pos\u00adsi\u00adble legal vio\u00adla\u00adti\u00adons at the time of lin\u00adking. Ille\u00adgal con\u00adtents were not reco\u00adg\u00adnisable at the time of linking.<\/p><p>Howe\u00adver, a&nbsp;per\u00adma\u00adnent con\u00adtrol of the con\u00adtents of the lin\u00adked pages is not reasonable wit\u00adhout con\u00adcrete evi\u00addence of a&nbsp;vio\u00adla\u00adtion of the law. If we become aware of any inf\u00adrin\u00adge\u00adments of the law, we will remove such links immediately.<\/p><p><b>COPYRIGHT<\/b><br>The con\u00adtent and works crea\u00adted by the site ope\u00adra\u00adtors on these pages are sub\u00adject to Ger\u00adman copy\u00adright law. Dupli\u00adca\u00adtion, pro\u00adces\u00adsing, dis\u00adtri\u00adbu\u00adtion and any kind of explo\u00adita\u00adtion out\u00adside the limits of copy\u00adright law require the writ\u00adten con\u00adsent of the respec\u00adtive aut\u00adhor or crea\u00adtor. Down\u00adloads and copies of this site are only per\u00admit\u00adted for pri\u00advate, non-com\u00admer\u00adcial&nbsp;use.<\/p><p>As far as the con\u00adtents on this page were not crea\u00adted by the ope\u00adra\u00adtor, the copy\u00adrights of third par\u00adties are respec\u00adted. In par\u00adti\u00adcu\u00adlar, third-party con\u00adtent is iden\u00adti\u00adfied as such. Should you nevert\u00adhel\u00adess become aware of a&nbsp;copy\u00adright inf\u00adrin\u00adge\u00adment, please inform us accor\u00addin\u00adgly. If we become aware of any inf\u00adrin\u00adge\u00adments, we will remove such con\u00adtent immediately.<\/p><p><b>DISPUTE SETTLEMENT<\/b><br>The Euro\u00adpean Com\u00admis\u00adsion pro\u00advi\u00addes a&nbsp;plat\u00adform for online dis\u00adpute reso\u00adlu\u00adtion (ODR): <a href=\"https:\/\/ec.europa.eu\/consumers\/odr\" target=\"_blank\" rel=\"noopener\">https:\/\/ec.europa.eu\/consumers\/odr<\/a>.<\/p><p>We are not wil\u00adling or obli\u00adged to par\u00adti\u00adci\u00adpate in dis\u00adpute reso\u00adlu\u00adtion pro\u00adcee\u00addings before a&nbsp;con\u00adsu\u00admer arbi\u00adtra\u00adtion&nbsp;board.<\/p><p><b>PRIVACY POLICY<\/b><br>You can find detailed infor\u00adma\u00adtion on the sub\u00adject of data pro\u00adtec\u00adtion in our <a href=\"https:\/\/andrewbannon.com\/en\/data-protection\/\">Pri\u00advacy Policy<\/a>.<\/p>\t\t\t\t\t\t\t\t<\/div>\n\t\t\t\t<\/div>\n\t\t\t\t\t<\/div>\n\t\t<\/div>\n\t\t\t\t\t<\/div>\n\t\t<\/section>\n\t\t\t\t\t<\/div>\n\t\t<\/div>\n\t\t\t\t\t<\/div>\n\t\t<\/section>\n\t\t\t\t<\/div>","protected":false},"excerpt":{"rendered":"<p>Impressum ANGABEN GEM\u00c4SS \u00a7 5 TM Andrew Bannon Bahnhofstrasse 17 82327 Tutzing am Starnberger See Telefon:+49 8158 9148 975 E-Mail: office@andrewbannon.com Verantwortlich f\u00fcr den Inhalt: Andrew Bannon USt-ID: DE335818561 Website-Konzept &amp; Entwicklung: Collin Croome HAFTUNG F\u00dcR INHALTEAls Diensteanbieter sind wir gem\u00e4\u00df \u00a7 7 Abs.1 TMG f\u00fcr eigene Inhalte auf diesen Seiten nach den allgemeinen Gesetzen [&hellip;]<\/p>\n","protected":false},"author":1,"featured_media":0,"parent":0,"menu_order":0,"comment_status":"closed","ping_status":"closed","template":"","meta":{"wp_typography_post_enhancements_disabled":false,"footnotes":""},"class_list":["post-34623","page","type-page","status-publish","hentry"],"_links":{"self":[{"href":"https:\/\/andrewbannon.com\/en\/wp-json\/wp\/v2\/pages\/34623","targetHints":{"allow":["GET"]}}],"collection":[{"href":"https:\/\/andrewbannon.com\/en\/wp-json\/wp\/v2\/pages"}],"about":[{"href":"https:\/\/andrewbannon.com\/en\/wp-json\/wp\/v2\/types\/page"}],"author":[{"embeddable":true,"href":"https:\/\/andrewbannon.com\/en\/wp-json\/wp\/v2\/users\/1"}],"replies":[{"embeddable":true,"href":"https:\/\/andrewbannon.com\/en\/wp-json\/wp\/v2\/comments?post=34623"}],"version-history":[{"count":34,"href":"https:\/\/andrewbannon.com\/en\/wp-json\/wp\/v2\/pages\/34623\/revisions"}],"predecessor-version":[{"id":42992,"href":"https:\/\/andrewbannon.com\/en\/wp-json\/wp\/v2\/pages\/34623\/revisions\/42992"}],"wp:attachment":[{"href":"https:\/\/andrewbannon.com\/en\/wp-json\/wp\/v2\/media?parent=34623"}],"curies":[{"name":"wp","href":"https:\/\/api.w.org\/{rel}","templated":true}]}}